{"id":2605,"date":"2022-11-30T07:53:14","date_gmt":"2022-11-30T07:53:14","guid":{"rendered":"https:\/\/harton.ca\/?page_id=2605"},"modified":"2022-12-15T03:36:22","modified_gmt":"2022-12-15T03:36:22","slug":"blog","status":"publish","type":"page","link":"https:\/\/harton.ca\/en\/blog\/","title":{"rendered":"Blog"},"content":{"rendered":"<div id=\"fws_69e1da0016178\"  data-column-margin=\"default\" data-midnight=\"dark\"  class=\"wpb_row vc_row-fluid vc_row\"  style=\"padding-top: 0px; padding-bottom: 0px; \"><div class=\"row-bg-wrap\" data-bg-animation=\"none\" data-bg-animation-delay=\"\" data-bg-overlay=\"false\"><div class=\"inner-wrap row-bg-layer\" ><div class=\"row-bg viewport-desktop\"  style=\"\"><\/div><\/div><\/div><div class=\"row_col_wrap_12 col span_12 dark left\">\n\t<div  class=\"vc_col-sm-12 wpb_column column_container vc_column_container col no-extra-padding inherit_tablet inherit_phone\"  data-padding-pos=\"all\" data-has-bg-color=\"false\" data-bg-color=\"\" data-bg-opacity=\"1\" data-animation=\"\" data-delay=\"0\" >\n\t\t<div class=\"vc_column-inner\" >\n\t\t\t<div class=\"wpb_wrapper\">\n\t\t\t\t<div class=\"nectar-highlighted-text\" data-style=\"full_text\" data-exp=\"default\" data-user-color=\"true\" style=\"color: #85cef9;\" data-using-custom-color=\"true\" data-animation-delay=\"false\" data-color=\"#85cef9\" data-color-gradient=\"\">\n<h1 style=\"text-align: center;\">Blog<\/h1>\n<\/div>\n\t\t\t<\/div> \n\t\t<\/div>\n\t<\/div> \n<\/div><\/div>\n\t\t<div id=\"fws_69e1da0016b1a\"  data-column-margin=\"default\" data-midnight=\"dark\"  class=\"wpb_row vc_row-fluid vc_row\"  style=\"padding-top: 0px; padding-bottom: 0px; \"><div class=\"row-bg-wrap\" data-bg-animation=\"none\" data-bg-animation-delay=\"\" data-bg-overlay=\"false\"><div class=\"inner-wrap row-bg-layer\" ><div class=\"row-bg viewport-desktop\"  style=\"\"><\/div><\/div><\/div><div class=\"row_col_wrap_12 col span_12 dark left\">\n\t<div  class=\"vc_col-sm-12 wpb_column column_container vc_column_container col no-extra-padding inherit_tablet inherit_phone\"  data-padding-pos=\"all\" data-has-bg-color=\"false\" data-bg-color=\"\" data-bg-opacity=\"1\" data-animation=\"\" data-delay=\"0\" >\n\t\t<div class=\"vc_column-inner\" >\n\t\t\t<div class=\"wpb_wrapper\">\n\t\t\t\t\n<div class=\"row\">\n\n <div class=\"post-area col  span_12 col_last masonry material\" data-ams=\"\" data-remove-post-date=\"1\" data-remove-post-author=\"1\" data-remove-post-comment-number=\"\" data-remove-post-nectar-love=\"\"> <div class=\"posts-container\" data-load-animation=\"fade_in\">     \n     \n<article id=\"post-3837\" class=\"masonry-blog-item post-3837 post type-post status-publish format-standard category-blog\">  \n    \n  <div class=\"inner-wrap animated\">\n    \n    <div class=\"post-content\">\n\n      <div class=\"content-inner\">\n        \n        <a class=\"entire-meta-link\" href=\"https:\/\/harton.ca\/en\/limportance-davoir-le-bon-reseau-en-affaires\/\" aria-label=\"L&#8217;importance d\u2019avoir le bon r\u00e9seau en affaires\"><\/a>\n        \n        <span class=\"meta-category\"><a class=\"blog\" href=\"https:\/\/harton.ca\/en\/category\/blog\/\">Blog<\/a><\/span>        \n        <div class=\"article-content-wrap\">\n          \n          <div class=\"post-header\">\n            <h3 class=\"title\"><a href=\"https:\/\/harton.ca\/en\/limportance-davoir-le-bon-reseau-en-affaires\/\"> L&#8217;importance d\u2019avoir le bon r\u00e9seau en affaires<\/a><\/h3>\n          <\/div>\n          \n          <div class=\"excerpt\">En tant que femme entrepreneur, il est vital de construire et de maintenir un r\u00e9seau&hellip;<\/div><div class=\"grav-wrap\"><a href=\"https:\/\/harton.ca\/en\/author\/faiiprst\/\"><img alt='Parisorn Tippapart' src='https:\/\/secure.gravatar.com\/avatar\/d1511bab14529bb5e84b0f05af6addc1?s=70&#038;d=mm&#038;r=g' srcset='https:\/\/secure.gravatar.com\/avatar\/d1511bab14529bb5e84b0f05af6addc1?s=140&#038;d=mm&#038;r=g 2x' class='avatar avatar-70 photo' height='70' width='70' loading='lazy'\/><\/a><div class=\"text\"><a href=\"https:\/\/harton.ca\/en\/author\/faiiprst\/\" rel=\"author\">Parisorn Tippapart<\/a><span>February 14, 2023<\/span><\/div><\/div>\n        <\/div><!--article-content-wrap-->\n        \n      <\/div><!--\/content-inner-->\n        \n    <\/div><!--\/post-content-->\n      \n  <\/div><!--\/inner-wrap-->\n    \n<\/article>     \n     \n<article id=\"post-3834\" class=\"masonry-blog-item post-3834 post type-post status-publish format-standard category-blog\">  \n    \n  <div class=\"inner-wrap animated\">\n    \n    <div class=\"post-content\">\n\n      <div class=\"content-inner\">\n        \n        <a class=\"entire-meta-link\" href=\"https:\/\/harton.ca\/en\/5-elements-cruciaux-pour-vous-elever-comme-entrepreneur-e\/\" aria-label=\"5 \u00e9l\u00e9ments cruciaux pour vous \u00e9lever comme entrepreneur.e\"><\/a>\n        \n        <span class=\"meta-category\"><a class=\"blog\" href=\"https:\/\/harton.ca\/en\/category\/blog\/\">Blog<\/a><\/span>        \n        <div class=\"article-content-wrap\">\n          \n          <div class=\"post-header\">\n            <h3 class=\"title\"><a href=\"https:\/\/harton.ca\/en\/5-elements-cruciaux-pour-vous-elever-comme-entrepreneur-e\/\"> 5 \u00e9l\u00e9ments cruciaux pour vous \u00e9lever comme entrepreneur.e<\/a><\/h3>\n          <\/div>\n          \n          <div class=\"excerpt\">L\u2019entrepreneuriat est une voie qui est parsem\u00e9e de d\u00e9fis certes, mais qui est absolument passionnante&hellip;<\/div><div class=\"grav-wrap\"><a href=\"https:\/\/harton.ca\/en\/author\/faiiprst\/\"><img alt='Parisorn Tippapart' src='https:\/\/secure.gravatar.com\/avatar\/d1511bab14529bb5e84b0f05af6addc1?s=70&#038;d=mm&#038;r=g' srcset='https:\/\/secure.gravatar.com\/avatar\/d1511bab14529bb5e84b0f05af6addc1?s=140&#038;d=mm&#038;r=g 2x' class='avatar avatar-70 photo' height='70' width='70' loading='lazy'\/><\/a><div class=\"text\"><a href=\"https:\/\/harton.ca\/en\/author\/faiiprst\/\" rel=\"author\">Parisorn Tippapart<\/a><span>February 14, 2023<\/span><\/div><\/div>\n        <\/div><!--article-content-wrap-->\n        \n      <\/div><!--\/content-inner-->\n        \n    <\/div><!--\/post-content-->\n      \n  <\/div><!--\/inner-wrap-->\n    \n<\/article>     \n     \n<article id=\"post-3517\" class=\"masonry-blog-item post-3517 post type-post status-publish format-standard category-blog\">  \n    \n  <div class=\"inner-wrap animated\">\n    \n    <div class=\"post-content\">\n\n      <div class=\"content-inner\">\n        \n        <a class=\"entire-meta-link\" href=\"https:\/\/harton.ca\/en\/plan-de-releve-une-affaire-de-famille\/\" aria-label=\"Succession Planning: A Family Affair?\"><\/a>\n        \n        <span class=\"meta-category\"><a class=\"blog\" href=\"https:\/\/harton.ca\/en\/category\/blog\/\">Blog<\/a><\/span>        \n        <div class=\"article-content-wrap\">\n          \n          <div class=\"post-header\">\n            <h3 class=\"title\"><a href=\"https:\/\/harton.ca\/en\/plan-de-releve-une-affaire-de-famille\/\"> Succession Planning: A Family Affair?<\/a><\/h3>\n          <\/div>\n          \n          <div class=\"excerpt\">Tous les propri\u00e9taires d\u2019une entreprise familiale ont un souhait, que le b\u00e9b\u00e9 qu\u2019ils ont cr\u00e9\u00e9&hellip;<\/div><div class=\"grav-wrap\"><a href=\"https:\/\/harton.ca\/en\/author\/faiiprst\/\"><img alt='Parisorn Tippapart' src='https:\/\/secure.gravatar.com\/avatar\/d1511bab14529bb5e84b0f05af6addc1?s=70&#038;d=mm&#038;r=g' srcset='https:\/\/secure.gravatar.com\/avatar\/d1511bab14529bb5e84b0f05af6addc1?s=140&#038;d=mm&#038;r=g 2x' class='avatar avatar-70 photo' height='70' width='70' loading='lazy'\/><\/a><div class=\"text\"><a href=\"https:\/\/harton.ca\/en\/author\/faiiprst\/\" rel=\"author\">Parisorn Tippapart<\/a><span>December 16, 2022<\/span><\/div><\/div>\n        <\/div><!--article-content-wrap-->\n        \n      <\/div><!--\/content-inner-->\n        \n    <\/div><!--\/post-content-->\n      \n  <\/div><!--\/inner-wrap-->\n    \n<\/article>     \n     \n<article id=\"post-3508\" class=\"masonry-blog-item post-3508 post type-post status-publish format-standard category-blog\">  \n    \n  <div class=\"inner-wrap animated\">\n    \n    <div class=\"post-content\">\n\n      <div class=\"content-inner\">\n        \n        <a class=\"entire-meta-link\" href=\"https:\/\/harton.ca\/en\/investissement-immobilier-limportance-detre-accompagnee\/\" aria-label=\"Real estate investment: the importance of being accompanied\"><\/a>\n        \n        <span class=\"meta-category\"><a class=\"blog\" href=\"https:\/\/harton.ca\/en\/category\/blog\/\">Blog<\/a><\/span>        \n        <div class=\"article-content-wrap\">\n          \n          <div class=\"post-header\">\n            <h3 class=\"title\"><a href=\"https:\/\/harton.ca\/en\/investissement-immobilier-limportance-detre-accompagnee\/\"> Real estate investment: the importance of being accompanied<\/a><\/h3>\n          <\/div>\n          \n          <div class=\"excerpt\">De plus en plus de particuliers se lancent dans l\u2019aventure de l\u2019investissement immobilier. Que ce&hellip;<\/div><div class=\"grav-wrap\"><a href=\"https:\/\/harton.ca\/en\/author\/faiiprst\/\"><img alt='Parisorn Tippapart' src='https:\/\/secure.gravatar.com\/avatar\/d1511bab14529bb5e84b0f05af6addc1?s=70&#038;d=mm&#038;r=g' srcset='https:\/\/secure.gravatar.com\/avatar\/d1511bab14529bb5e84b0f05af6addc1?s=140&#038;d=mm&#038;r=g 2x' class='avatar avatar-70 photo' height='70' width='70' loading='lazy'\/><\/a><div class=\"text\"><a href=\"https:\/\/harton.ca\/en\/author\/faiiprst\/\" rel=\"author\">Parisorn Tippapart<\/a><span>February 14, 2023<\/span><\/div><\/div>\n        <\/div><!--article-content-wrap-->\n        \n      <\/div><!--\/content-inner-->\n        \n    <\/div><!--\/post-content-->\n      \n  <\/div><!--\/inner-wrap-->\n    \n<\/article>    \n    <\/div><!--\/posts container-->\n    \n      \n<\/div><!--\/post area-->\n\n  \n\n<\/div>\n\n\n\t\t\t<\/div> \n\t\t<\/div>\n\t<\/div> \n<\/div><\/div>","protected":false},"excerpt":{"rendered":"De plus en plus de particuliers se lancent dans l\u2019aventure de l\u2019investissement immobilier. Que ce soit pour obtenir un revenu suppl\u00e9mentaire r\u00e9gulier, assurer une ind\u00e9pendance financi\u00e8re ou garantir ses vieux...","protected":false},"author":12,"featured_media":0,"parent":0,"menu_order":0,"comment_status":"closed","ping_status":"closed","template":"","meta":[],"_links":{"self":[{"href":"https:\/\/harton.ca\/en\/wp-json\/wp\/v2\/pages\/2605"}],"collection":[{"href":"https:\/\/harton.ca\/en\/wp-json\/wp\/v2\/pages"}],"about":[{"href":"https:\/\/harton.ca\/en\/wp-json\/wp\/v2\/types\/page"}],"author":[{"embeddable":true,"href":"https:\/\/harton.ca\/en\/wp-json\/wp\/v2\/users\/12"}],"replies":[{"embeddable":true,"href":"https:\/\/harton.ca\/en\/wp-json\/wp\/v2\/comments?post=2605"}],"version-history":[{"count":10,"href":"https:\/\/harton.ca\/en\/wp-json\/wp\/v2\/pages\/2605\/revisions"}],"predecessor-version":[{"id":3555,"href":"https:\/\/harton.ca\/en\/wp-json\/wp\/v2\/pages\/2605\/revisions\/3555"}],"wp:attachment":[{"href":"https:\/\/harton.ca\/en\/wp-json\/wp\/v2\/media?parent=2605"}],"curies":[{"name":"wp","href":"https:\/\/api.w.org\/{rel}","templated":true}]}}